{"id":29064,"date":"2024-09-26T07:07:04","date_gmt":"2024-09-26T07:07:04","guid":{"rendered":"https:\/\/stradainteriors.com\/?page_id=29064"},"modified":"2024-09-26T10:40:31","modified_gmt":"2024-09-26T10:40:31","slug":"repuesta-residencial-ok","status":"publish","type":"page","link":"https:\/\/stradainteriors.com\/ca\/repuesta-residencial-ok\/","title":{"rendered":"Repuesta Residencial OK"},"content":{"rendered":"\t\t<div data-elementor-type=\"wp-page\" data-elementor-id=\"29064\" class=\"elementor elementor-29064 elementor-29063\" data-elementor-post-type=\"page\">\n\t\t\t\t\t\t<section class=\"elementor-section elementor-top-section elementor-element elementor-element-a142765 elementor-section-boxed elementor-section-height-default elementor-section-height-default sc_fly_static\" data-id=\"a142765\" data-element_type=\"section\" data-e-type=\"section\">\n\t\t\t\t\t\t<div class=\"elementor-container elementor-column-gap-extended\">\n\t\t\t\t\t<div class=\"elementor-column elementor-col-100 elementor-top-column elementor-element elementor-element-ae8e1ae sc_content_align_inherit sc_layouts_column_icons_position_left sc_fly_static\" data-id=\"ae8e1ae\" data-element_type=\"column\" data-e-type=\"column\">\n\t\t\t<div class=\"elementor-widget-wrap elementor-element-populated\">\n\t\t\t\t\t\t<div class=\"elementor-element elementor-element-3d5c80a sc_height_huge sc_fly_static elementor-widget elementor-widget-spacer\" data-id=\"3d5c80a\" data-element_type=\"widget\" data-e-type=\"widget\" data-widget_type=\"spacer.default\">\n\t\t\t\t<div class=\"elementor-widget-container\">\n\t\t\t\t\t\t\t<div class=\"elementor-spacer\">\n\t\t\t<div class=\"elementor-spacer-inner\"><\/div>\n\t\t<\/div>\n\t\t\t\t\t\t<\/div>\n\t\t\t\t<\/div>\n\t\t\t\t<div class=\"elementor-element elementor-element-19671c4 sc_fly_static elementor-widget elementor-widget-heading\" data-id=\"19671c4\" data-element_type=\"widget\" data-e-type=\"widget\" data-widget_type=\"heading.default\">\n\t\t\t\t<div class=\"elementor-widget-container\">\n\t\t\t\t\t<h2 class=\"elementor-heading-title elementor-size-default\">GR\u00c0CIES! <br>EL TEU MISSATGE HA ESTAT ENVIAT CORRECTAMENT<\/h2>\t\t\t\t<\/div>\n\t\t\t\t<\/div>\n\t\t\t\t<div class=\"elementor-element elementor-element-ef83f3d sc_fly_static elementor-widget elementor-widget-spacer\" data-id=\"ef83f3d\" data-element_type=\"widget\" data-e-type=\"widget\" data-widget_type=\"spacer.default\">\n\t\t\t\t<div class=\"elementor-widget-container\">\n\t\t\t\t\t\t\t<div class=\"elementor-spacer\">\n\t\t\t<div class=\"elementor-spacer-inner\"><\/div>\n\t\t<\/div>\n\t\t\t\t\t\t<\/div>\n\t\t\t\t<\/div>\n\t\t\t\t<div class=\"elementor-element elementor-element-161b9a4 sc_fly_static elementor-widget elementor-widget-heading\" data-id=\"161b9a4\" data-element_type=\"widget\" data-e-type=\"widget\" data-widget_type=\"heading.default\">\n\t\t\t\t<div class=\"elementor-widget-container\">\n\t\t\t\t\t<h4 class=\"elementor-heading-title elementor-size-default\">Amb les dades que ens has facilitat, aviat t'enviarem una avaluaci\u00f3 personalitzada del teu espai.<\/h4>\t\t\t\t<\/div>\n\t\t\t\t<\/div>\n\t\t\t\t<div class=\"elementor-element elementor-element-dad019a sc_fly_static elementor-widget elementor-widget-spacer\" data-id=\"dad019a\" data-element_type=\"widget\" data-e-type=\"widget\" data-widget_type=\"spacer.default\">\n\t\t\t\t<div class=\"elementor-widget-container\">\n\t\t\t\t\t\t\t<div class=\"elementor-spacer\">\n\t\t\t<div class=\"elementor-spacer-inner\"><\/div>\n\t\t<\/div>\n\t\t\t\t\t\t<\/div>\n\t\t\t\t<\/div>\n\t\t\t\t<div class=\"elementor-element elementor-element-c2f8d64 sc_fly_static elementor-widget elementor-widget-heading\" data-id=\"c2f8d64\" data-element_type=\"widget\" data-e-type=\"widget\" data-widget_type=\"heading.default\">\n\t\t\t\t<div class=\"elementor-widget-container\">\n\t\t\t\t\t<h4 class=\"elementor-heading-title elementor-size-default\">CONT\u00cdNUA NAVEGANT<\/h4>\t\t\t\t<\/div>\n\t\t\t\t<\/div>\n\t\t\t\t<div class=\"elementor-element elementor-element-909ea11 sc_fly_static elementor-widget elementor-widget-spacer\" data-id=\"909ea11\" data-element_type=\"widget\" data-e-type=\"widget\" data-widget_type=\"spacer.default\">\n\t\t\t\t<div class=\"elementor-widget-container\">\n\t\t\t\t\t\t\t<div class=\"elementor-spacer\">\n\t\t\t<div class=\"elementor-spacer-inner\"><\/div>\n\t\t<\/div>\n\t\t\t\t\t\t<\/div>\n\t\t\t\t<\/div>\n\t\t\t\t<div class=\"elementor-element elementor-element-7a551e3 elementor-widget__width-inherit sc_fly_static elementor-widget elementor-widget-trx_sc_layouts_menu\" data-id=\"7a551e3\" data-element_type=\"widget\" data-e-type=\"widget\" data-widget_type=\"trx_sc_layouts_menu.default\">\n\t\t\t\t<div class=\"elementor-widget-container\">\n\t\t\t\t\t<nav class=\"sc_layouts_menu sc_layouts_menu_default sc_layouts_menu_dir_horizontal menu_hover_fade\" data-animation-in=\"fadeIn\" data-animation-out=\"fadeOut\" ><ul id=\"sc_layouts_menu_143833337\" class=\"sc_layouts_menu_nav\"><li id=\"menu-item-24879\" class=\"menu-item menu-item-type-post_type menu-item-object-page menu-item-home menu-item-24879\"><a href=\"https:\/\/stradainteriors.com\/estudio-de-diseno-de-interiores\/\"><span>Home<\/span><\/a><\/li><li id=\"menu-item-24239\" class=\"menu-item menu-item-type-post_type menu-item-object-page menu-item-24239\"><a href=\"https:\/\/stradainteriors.com\/proyectos-residenciales\/\"><span>Projectes residencials<\/span><\/a><\/li><li id=\"menu-item-24240\" class=\"menu-item menu-item-type-post_type menu-item-object-page menu-item-24240\"><a href=\"https:\/\/stradainteriors.com\/proyectos-comerciales\/\"><span>Projectes comercials<\/span><\/a><\/li><li id=\"menu-item-22627\" class=\"menu-item menu-item-type-custom menu-item-object-custom menu-item-has-children menu-item-22627\"><a><span>Servicios<\/span><\/a>\n<ul class=\"sub-menu\"><li id=\"menu-item-32216\" class=\"menu-item menu-item-type-post_type menu-item-object-page menu-item-32216\"><a href=\"https:\/\/stradainteriors.com\/interiorismo-residencial_2\/\"><span>Interiorisme residencial<\/span><\/a><\/li><\/ul>\n<\/li><li id=\"menu-item-21847\" class=\"menu-item menu-item-type-post_type menu-item-object-page menu-item-21847\"><a href=\"https:\/\/stradainteriors.com\/sobre-nosotros\/\"><span>Sobre nosaltres<\/span><\/a><\/li><li id=\"menu-item-22336\" class=\"menu-item menu-item-type-post_type menu-item-object-page menu-item-22336\"><a href=\"https:\/\/stradainteriors.com\/prensa\/\"><span>Premsa<\/span><\/a><\/li><li id=\"menu-item-21844\" class=\"menu-item menu-item-type-post_type menu-item-object-page menu-item-21844\"><a href=\"https:\/\/stradainteriors.com\/contacto\/\"><span>Contacte<\/span><\/a><\/li><\/ul><\/nav>\t\t\t\t<\/div>\n\t\t\t\t<\/div>\n\t\t\t\t<div class=\"elementor-element elementor-element-284b0d9 sc_fly_static elementor-widget elementor-widget-spacer\" data-id=\"284b0d9\" data-element_type=\"widget\" data-e-type=\"widget\" data-widget_type=\"spacer.default\">\n\t\t\t\t<div class=\"elementor-widget-container\">\n\t\t\t\t\t\t\t<div class=\"elementor-spacer\">\n\t\t\t<div class=\"elementor-spacer-inner\"><\/div>\n\t\t<\/div>\n\t\t\t\t\t\t<\/div>\n\t\t\t\t<\/div>\n\t\t\t\t\t<\/div>\n\t\t<\/div>\n\t\t\t\t\t<\/div>\n\t\t<\/section>\n\t\t\t\t<section class=\"elementor-section elementor-top-section elementor-element elementor-element-afd2dc0 elementor-section-boxed elementor-section-height-default elementor-section-height-default sc_fly_static\" data-id=\"afd2dc0\" data-element_type=\"section\" data-e-type=\"section\">\n\t\t\t\t\t\t<div class=\"elementor-container elementor-column-gap-extended\">\n\t\t\t\t\t<div class=\"elementor-column elementor-col-100 elementor-top-column elementor-element elementor-element-d55cf00 sc_content_align_inherit sc_layouts_column_icons_position_left sc_fly_static\" data-id=\"d55cf00\" data-element_type=\"column\" data-e-type=\"column\">\n\t\t\t<div class=\"elementor-widget-wrap\">\n\t\t\t\t\t\t\t<\/div>\n\t\t<\/div>\n\t\t\t\t\t<\/div>\n\t\t<\/section>\n\t\t\t\t<section class=\"elementor-section elementor-top-section elementor-element elementor-element-d72676e sc_layouts_hide_on_wide sc_layouts_hide_on_desktop sc_layouts_hide_on_notebook sc_layouts_hide_on_tablet sc_layouts_hide_on_mobile elementor-section-boxed elementor-section-height-default elementor-section-height-default sc_fly_static\" data-id=\"d72676e\" data-element_type=\"section\" data-e-type=\"section\">\n\t\t\t\t\t\t<div class=\"elementor-container elementor-column-gap-extended\">\n\t\t\t\t\t<div class=\"elementor-column elementor-col-100 elementor-top-column elementor-element elementor-element-c6de358 sc_content_align_inherit sc_layouts_column_icons_position_left sc_fly_static\" data-id=\"c6de358\" data-element_type=\"column\" data-e-type=\"column\">\n\t\t\t<div class=\"elementor-widget-wrap\">\n\t\t\t\t\t\t\t<\/div>\n\t\t<\/div>\n\t\t\t\t\t<\/div>\n\t\t<\/section>\n\t\t\t\t<\/div>\n\t\t<p><a href=\"\/\/www.pinterest.com\/pin\/create\/button\/\" data-pin-do=\"buttonBookmark\" data-pin-color=\"red\" data-pin-height=\"128\"><img decoding=\"async\" src=\"\/\/assets.pinterest.com\/images\/pidgets\/pinit_fg_en_rect_red_28.png\" \/><\/a><\/p>","protected":false},"excerpt":{"rendered":"<p>GR\u00c0CIES! EL TEU MISSATGE HA ESTAT ENVIAT CORRECTAMENT Amb les dades que ens has facilitat, aviat t&#8217;enviarem una avaluaci\u00f3 personalitzada del teu espai. CONT\u00cdNUA NAVEGANT Home Proyectos comerciales Proyectos residenciales&hellip;<\/p>\n","protected":false},"author":7,"featured_media":0,"parent":0,"menu_order":0,"comment_status":"closed","ping_status":"closed","template":"","meta":{"footnotes":""},"class_list":["post-29064","page","type-page","status-publish","hentry"],"yoast_head":"<!-- This site is optimized with the Yoast SEO plugin v27.5 - https:\/\/yoast.com\/product\/yoast-seo-wordpress\/ -->\n<title>Decoraci\u00f3n en Tarragona - Contacto Comercial<\/title>\n<meta name=\"description\" content=\"Completa nuestro formulario para una consulta amigable en dise\u00f1o y decoraci\u00f3n en Tarragona. \u00a1Transformemos tu espacio juntos!\" \/>\n<meta name=\"robots\" content=\"index, follow, max-snippet:-1, max-image-preview:large, max-video-preview:-1\" \/>\n<link rel=\"canonical\" href=\"https:\/\/stradainteriors.com\/repuesta-residencial-ok\/\" \/>\n<meta property=\"og:locale\" content=\"ca_ES\" \/>\n<meta property=\"og:type\" content=\"article\" \/>\n<meta property=\"og:title\" content=\"Decoraci\u00f3n en Tarragona - Contacto Comercial\" \/>\n<meta property=\"og:description\" content=\"Completa nuestro formulario para una consulta amigable en dise\u00f1o y decoraci\u00f3n en Tarragona. \u00a1Transformemos tu espacio juntos!\" \/>\n<meta property=\"og:url\" content=\"https:\/\/stradainteriors.com\/repuesta-residencial-ok\/\" \/>\n<meta property=\"og:site_name\" content=\"Strada Interiors\" \/>\n<meta property=\"article:modified_time\" content=\"2024-09-26T10:40:31+00:00\" \/>\n<meta name=\"twitter:card\" content=\"summary_large_image\" \/>\n<meta name=\"twitter:label1\" content=\"Temps estimat de lectura\" \/>\n\t<meta name=\"twitter:data1\" content=\"1 minut\" \/>\n<script type=\"application\/ld+json\" class=\"yoast-schema-graph\">{\"@context\":\"https:\\\/\\\/schema.org\",\"@graph\":[{\"@type\":\"WebPage\",\"@id\":\"https:\\\/\\\/stradainteriors.com\\\/repuesta-residencial-ok\\\/\",\"url\":\"https:\\\/\\\/stradainteriors.com\\\/repuesta-residencial-ok\\\/\",\"name\":\"Decoraci\u00f3n en Tarragona - Contacto Comercial\",\"isPartOf\":{\"@id\":\"https:\\\/\\\/stradainteriors.com\\\/#website\"},\"datePublished\":\"2024-09-26T07:07:04+00:00\",\"dateModified\":\"2024-09-26T10:40:31+00:00\",\"description\":\"Completa nuestro formulario para una consulta amigable en dise\u00f1o y decoraci\u00f3n en Tarragona. \u00a1Transformemos tu espacio juntos!\",\"breadcrumb\":{\"@id\":\"https:\\\/\\\/stradainteriors.com\\\/repuesta-residencial-ok\\\/#breadcrumb\"},\"inLanguage\":\"ca\",\"potentialAction\":[{\"@type\":\"ReadAction\",\"target\":[\"https:\\\/\\\/stradainteriors.com\\\/repuesta-residencial-ok\\\/\"]}]},{\"@type\":\"BreadcrumbList\",\"@id\":\"https:\\\/\\\/stradainteriors.com\\\/repuesta-residencial-ok\\\/#breadcrumb\",\"itemListElement\":[{\"@type\":\"ListItem\",\"position\":1,\"name\":\"Inicio\",\"item\":\"https:\\\/\\\/stradainteriors.com\\\/ca\\\/\"},{\"@type\":\"ListItem\",\"position\":2,\"name\":\"Repuesta Residencial OK\"}]},{\"@type\":\"WebSite\",\"@id\":\"https:\\\/\\\/stradainteriors.com\\\/#website\",\"url\":\"https:\\\/\\\/stradainteriors.com\\\/\",\"name\":\"Strada Interiors\",\"description\":\"Dise\u00f1o de Interiors\",\"publisher\":{\"@id\":\"https:\\\/\\\/stradainteriors.com\\\/#organization\"},\"potentialAction\":[{\"@type\":\"SearchAction\",\"target\":{\"@type\":\"EntryPoint\",\"urlTemplate\":\"https:\\\/\\\/stradainteriors.com\\\/?s={search_term_string}\"},\"query-input\":{\"@type\":\"PropertyValueSpecification\",\"valueRequired\":true,\"valueName\":\"search_term_string\"}}],\"inLanguage\":\"ca\"},{\"@type\":\"Organization\",\"@id\":\"https:\\\/\\\/stradainteriors.com\\\/#organization\",\"name\":\"Strada Interiors\",\"url\":\"https:\\\/\\\/stradainteriors.com\\\/\",\"logo\":{\"@type\":\"ImageObject\",\"inLanguage\":\"ca\",\"@id\":\"https:\\\/\\\/stradainteriors.com\\\/#\\\/schema\\\/logo\\\/image\\\/\",\"url\":\"https:\\\/\\\/stradainteriors.com\\\/wp-content\\\/uploads\\\/2021\\\/12\\\/logo_strada_marca_negatiu_negre.webp\",\"contentUrl\":\"https:\\\/\\\/stradainteriors.com\\\/wp-content\\\/uploads\\\/2021\\\/12\\\/logo_strada_marca_negatiu_negre.webp\",\"width\":507,\"height\":221,\"caption\":\"Strada Interiors\"},\"image\":{\"@id\":\"https:\\\/\\\/stradainteriors.com\\\/#\\\/schema\\\/logo\\\/image\\\/\"}}]}<\/script>\n<!-- \/ Yoast SEO plugin. -->","yoast_head_json":{"title":"Decoraci\u00f3n en Tarragona - Contacto Comercial","description":"Completa nuestro formulario para una consulta amigable en dise\u00f1o y decoraci\u00f3n en Tarragona. \u00a1Transformemos tu espacio juntos!","robots":{"index":"index","follow":"follow","max-snippet":"max-snippet:-1","max-image-preview":"max-image-preview:large","max-video-preview":"max-video-preview:-1"},"canonical":"https:\/\/stradainteriors.com\/repuesta-residencial-ok\/","og_locale":"ca_ES","og_type":"article","og_title":"Decoraci\u00f3n en Tarragona - Contacto Comercial","og_description":"Completa nuestro formulario para una consulta amigable en dise\u00f1o y decoraci\u00f3n en Tarragona. \u00a1Transformemos tu espacio juntos!","og_url":"https:\/\/stradainteriors.com\/repuesta-residencial-ok\/","og_site_name":"Strada Interiors","article_modified_time":"2024-09-26T10:40:31+00:00","twitter_card":"summary_large_image","twitter_misc":{"Temps estimat de lectura":"1 minut"},"schema":{"@context":"https:\/\/schema.org","@graph":[{"@type":"WebPage","@id":"https:\/\/stradainteriors.com\/repuesta-residencial-ok\/","url":"https:\/\/stradainteriors.com\/repuesta-residencial-ok\/","name":"Decoraci\u00f3n en Tarragona - Contacto Comercial","isPartOf":{"@id":"https:\/\/stradainteriors.com\/#website"},"datePublished":"2024-09-26T07:07:04+00:00","dateModified":"2024-09-26T10:40:31+00:00","description":"Completa nuestro formulario para una consulta amigable en dise\u00f1o y decoraci\u00f3n en Tarragona. \u00a1Transformemos tu espacio juntos!","breadcrumb":{"@id":"https:\/\/stradainteriors.com\/repuesta-residencial-ok\/#breadcrumb"},"inLanguage":"ca","potentialAction":[{"@type":"ReadAction","target":["https:\/\/stradainteriors.com\/repuesta-residencial-ok\/"]}]},{"@type":"BreadcrumbList","@id":"https:\/\/stradainteriors.com\/repuesta-residencial-ok\/#breadcrumb","itemListElement":[{"@type":"ListItem","position":1,"name":"Inicio","item":"https:\/\/stradainteriors.com\/ca\/"},{"@type":"ListItem","position":2,"name":"Repuesta Residencial OK"}]},{"@type":"WebSite","@id":"https:\/\/stradainteriors.com\/#website","url":"https:\/\/stradainteriors.com\/","name":"Strada Interiors","description":"Dise\u00f1o de Interiors","publisher":{"@id":"https:\/\/stradainteriors.com\/#organization"},"potentialAction":[{"@type":"SearchAction","target":{"@type":"EntryPoint","urlTemplate":"https:\/\/stradainteriors.com\/?s={search_term_string}"},"query-input":{"@type":"PropertyValueSpecification","valueRequired":true,"valueName":"search_term_string"}}],"inLanguage":"ca"},{"@type":"Organization","@id":"https:\/\/stradainteriors.com\/#organization","name":"Strada Interiors","url":"https:\/\/stradainteriors.com\/","logo":{"@type":"ImageObject","inLanguage":"ca","@id":"https:\/\/stradainteriors.com\/#\/schema\/logo\/image\/","url":"https:\/\/stradainteriors.com\/wp-content\/uploads\/2021\/12\/logo_strada_marca_negatiu_negre.webp","contentUrl":"https:\/\/stradainteriors.com\/wp-content\/uploads\/2021\/12\/logo_strada_marca_negatiu_negre.webp","width":507,"height":221,"caption":"Strada Interiors"},"image":{"@id":"https:\/\/stradainteriors.com\/#\/schema\/logo\/image\/"}}]}},"_links":{"self":[{"href":"https:\/\/stradainteriors.com\/ca\/wp-json\/wp\/v2\/pages\/29064","targetHints":{"allow":["GET"]}}],"collection":[{"href":"https:\/\/stradainteriors.com\/ca\/wp-json\/wp\/v2\/pages"}],"about":[{"href":"https:\/\/stradainteriors.com\/ca\/wp-json\/wp\/v2\/types\/page"}],"author":[{"embeddable":true,"href":"https:\/\/stradainteriors.com\/ca\/wp-json\/wp\/v2\/users\/7"}],"replies":[{"embeddable":true,"href":"https:\/\/stradainteriors.com\/ca\/wp-json\/wp\/v2\/comments?post=29064"}],"version-history":[{"count":5,"href":"https:\/\/stradainteriors.com\/ca\/wp-json\/wp\/v2\/pages\/29064\/revisions"}],"predecessor-version":[{"id":29125,"href":"https:\/\/stradainteriors.com\/ca\/wp-json\/wp\/v2\/pages\/29064\/revisions\/29125"}],"wp:attachment":[{"href":"https:\/\/stradainteriors.com\/ca\/wp-json\/wp\/v2\/media?parent=29064"}],"curies":[{"name":"wp","href":"https:\/\/api.w.org\/{rel}","templated":true}]}}